{"id":475,"date":"2025-08-29T13:06:45","date_gmt":"2025-08-29T11:06:45","guid":{"rendered":"https:\/\/planoguera.cat\/aviso-legal\/"},"modified":"2025-10-25T12:08:38","modified_gmt":"2025-10-25T10:08:38","slug":"legal","status":"publish","type":"page","link":"https:\/\/planoguera.cat\/es\/legal\/","title":{"rendered":"Aviso Legal"},"content":{"rendered":"<div>\n<h2>Identificaci\u00f3n<\/h2>\n<div>De conformidad con lo dispuesto en el art\u00edculo 10 de la Ley 34\/2002, de 11 de julio, de Servicios de Sociedad de la Informaci\u00f3n y Comercio Electr\u00f3nico, se informa que la web www.planoguera.cat es un dominio de la entidad GANADER\u00cdA LA DALIA CB con CIF ESE66695453, en adelante 4, con c\u00f3digo postal 08518 La Torre de Orist\u00e0. El tel\u00e9fono de contacto 660404024 y correo electr\u00f3nico info@planoguera.cat.<\/div>\n<h2>Normas de utilizaci\u00f3n<\/h2>\n<div>El usuario se compromete a hacer un uso adecuado y l\u00edcito del sitio WEB as\u00ed como de los contenidos y servicios, de conformidad con la legislaci\u00f3n aplicable en cada momento, la buena pr\u00e1ctica y las buenas costumbres. Queda prohibido realizar cualquier acci\u00f3n que pueda provocar alteraciones de los contenidos de esta WEB o un mal funcionamiento del mismo, incluyendo la introducci\u00f3n de virus o similares.<\/div>\n<h2>Propiedad intelectual<\/h2>\n<div>Las p\u00e1ginas de la WEB y la informaci\u00f3n o elementos que contiene que incluyen textos, documentos, fotograf\u00edas, dibujos, representaciones gr\u00e1ficas, bases de datos, v\u00eddeos y tambi\u00e9n logotipos, marcas, nombres comerciales, y otros signos distintivos, est\u00e1n protegidos por derechos de propiedad intelectual o industrial, de las que Planoguera es titular o leg\u00edtimo. Queda prohibida cualquier modalidad de explotaci\u00f3n, incluidas cualquier tipo de reproducci\u00f3n, distribuci\u00f3n, cesi\u00f3n a terceros, comunicaci\u00f3n p\u00fablica y transformaci\u00f3n, mediante cualquier tipo de soporte, sin la previa y expresa autorizaci\u00f3n del titular del sitio WEB.<\/div>\n<h2>Responsabilidad<\/h2>\n<div>Les informamos que no podemos garantizar el acceso continuado y que las p\u00e1ginas se pueden encontrar sin conexi\u00f3n por factores o circunstancias ajenas a nuestra voluntad. Planoguera no es responsable de la informaci\u00f3n y otros contenidos integrados en espacios o p\u00e1ginas web de terceras accesibles mediante enlaces, hiperv\u00ednculos o links. Planoguera no se hace responsable de los perjuicios que pudieran derivarse, entre otros, de: Interferencias, interrupciones, quiebras, omisiones, aver\u00edas telef\u00f3nicas, retrasos, bloqueos o desconexiones en el funcionamiento del sistema electr\u00f3nico, motivadas por deficiencias, sobrecargas y errores en las l\u00edneas y redes de telecomunicaciones. Intromisiones ileg\u00edtimas mediante el uso de programas malignos de cualquier tipo ya trav\u00e9s de cualquier medio de comunicaci\u00f3n. Uso indebido o inadecuado del sitio WEB Errores producidos por un mal funcionamiento del navegador o por el uso de versiones no actualizadas del mismo. El usuario, en caso de causar da\u00f1os y perjuicios por un uso il\u00edcito o incorrecto de este sitio WEB, podr\u00e1 ser reclamado de los da\u00f1os o perjuicios ocasionados. Asimismo, el usuario responder\u00e1 frente a cualquier da\u00f1o o perjuicio, que se derive del uso por su parte de robots o herramientas similares utilizadas con el fin de extraer datos o de cualquier otra actuaci\u00f3n por su parte que imponga una sobrecarga del sitio WEB.<\/div>\n<h2>Pol\u00edtica de privacidad y de protecci\u00f3n de datos<\/h2>\n<div>En la navegaci\u00f3n por nuestra WEB es posible que se recopilen de usted ciertos datos de car\u00e1cter personal, necesarios para la presentaci\u00f3n de los servicios solicitados. En concreto usted puede proporcionarnos informaci\u00f3n en los siguientes apartados: Contacto. Datos de contacto para poder responder cualquier pregunta que usted nos haga. \u00a0 De conformidad con la normativa vigente de Protecci\u00f3n de Datos de Car\u00e1cter Personal, cada uno de estos apartados dispone de cl\u00e1usulas oportunas, informando de la finalidad de los datos recogidos y sus derechos. La informaci\u00f3n personal recogida se almacena en una base de datos propiedad de Planoguera, que asume las medidas de \u00e1mbito t\u00e9cnico, organizativo y de seguridad que garantizan la confidencialidad e integridad de la informaci\u00f3n. Rogamos que nos comuniquen cualquier modificaci\u00f3n de sus datos de car\u00e1cter personal a fin de que la informaci\u00f3n est\u00e9 en todo momento actualizada y no contenga errores. Asimismo, con la aceptaci\u00f3n de este aviso legal, reconoce que la informaci\u00f3n y los datos personales recogidos son exactos y ver\u00eddicos.<\/div>\n<h2>Uso de cookies<\/h2>\n<div>Planoguera mediante su sitio web, utilizar\u00e1 cookies funcionales cuando el usuario navegue por nuestra web. Las cookies se asocian \u00fanicamente con un usuario an\u00f3nimo y su ordenador y no proporcionan referencias que permitan deducir el nombre y apellidos del usuario. El usuario tiene la opci\u00f3n de impedir la generaci\u00f3n de cookies, mediante la selecci\u00f3n de la correspondiente opci\u00f3n en su programa navegador.<\/div>\n<h2>Legislaci\u00f3n<\/h2>\n<div>Cualquier controversia que surja o guarde relaci\u00f3n con el uso de la web ser\u00e1 sometida a la jurisdicci\u00f3n no exclusiva de los juzgados y tribunales espa\u00f1oles.<\/div>\n<\/div>\n","protected":false},"excerpt":{"rendered":"<p>Identificaci\u00f3n De conformidad con lo dispuesto en el art\u00edculo 10 de la Ley 34\/2002, de 11 de julio, de Servicios de Sociedad de la Informaci\u00f3n y Comercio Electr\u00f3nico, se informa que la web www.planoguera.cat es un dominio de la entidad GANADER\u00cdA LA DALIA CB con CIF ESE66695453, en adelante 4, con c\u00f3digo postal 08518 La [&hellip;]<\/p>\n","protected":false},"author":1,"featured_media":0,"parent":0,"menu_order":5,"comment_status":"closed","ping_status":"closed","template":"","meta":{"footnotes":""},"class_list":["post-475","page","type-page","status-publish","hentry"],"_links":{"self":[{"href":"https:\/\/planoguera.cat\/es\/wp-json\/wp\/v2\/pages\/475","targetHints":{"allow":["GET"]}}],"collection":[{"href":"https:\/\/planoguera.cat\/es\/wp-json\/wp\/v2\/pages"}],"about":[{"href":"https:\/\/planoguera.cat\/es\/wp-json\/wp\/v2\/types\/page"}],"author":[{"embeddable":true,"href":"https:\/\/planoguera.cat\/es\/wp-json\/wp\/v2\/users\/1"}],"replies":[{"embeddable":true,"href":"https:\/\/planoguera.cat\/es\/wp-json\/wp\/v2\/comments?post=475"}],"version-history":[{"count":0,"href":"https:\/\/planoguera.cat\/es\/wp-json\/wp\/v2\/pages\/475\/revisions"}],"wp:attachment":[{"href":"https:\/\/planoguera.cat\/es\/wp-json\/wp\/v2\/media?parent=475"}],"curies":[{"name":"wp","href":"https:\/\/api.w.org\/{rel}","templated":true}]}}